{"id":702,"date":"2025-08-25T02:57:39","date_gmt":"2025-08-25T00:57:39","guid":{"rendered":"https:\/\/hdcdrc.org\/?page_id=702"},"modified":"2025-08-25T03:49:10","modified_gmt":"2025-08-25T01:49:10","slug":"contact","status":"publish","type":"page","link":"https:\/\/hdcdrc.org\/index.php\/contact\/","title":{"rendered":"Contact"},"content":{"rendered":"\n<div class=\"wp-block-group is-layout-flow wp-block-group-is-layout-flow\" style=\"margin-top:0;margin-bottom:0;padding-top:0px;padding-right:20px;padding-bottom:0px;padding-left:20px\">\n<div class=\"wp-block-cover responsive-spacing\" style=\"margin-top:0;margin-bottom:0;padding-top:60px;padding-right:20px;padding-bottom:60px;padding-left:20px;min-height:100vh;aspect-ratio:unset;\"><img decoding=\"async\" width=\"1024\" height=\"768\" class=\"wp-block-cover__image-background wp-image-432 size-large\" alt=\"\" src=\"https:\/\/hdcdrc.org\/wp-content\/uploads\/2025\/08\/1755074308729-1024x768.jpg\" style=\"object-position:51% 41%\" data-object-fit=\"cover\" data-object-position=\"51% 41%\" srcset=\"https:\/\/hdcdrc.org\/wp-content\/uploads\/2025\/08\/1755074308729-1024x768.jpg 1024w, https:\/\/hdcdrc.org\/wp-content\/uploads\/2025\/08\/1755074308729-300x225.jpg 300w, https:\/\/hdcdrc.org\/wp-content\/uploads\/2025\/08\/1755074308729-768x576.jpg 768w, https:\/\/hdcdrc.org\/wp-content\/uploads\/2025\/08\/1755074308729-1536x1152.jpg 1536w, https:\/\/hdcdrc.org\/wp-content\/uploads\/2025\/08\/1755074308729-2048x1536.jpg 2048w\" sizes=\"(max-width: 1024px) 100vw, 1024px\" \/><span aria-hidden=\"true\" class=\"wp-block-cover__background has-contrast-background-color has-background-dim\"><\/span><div class=\"wp-block-cover__inner-container is-layout-flow wp-block-cover-is-layout-flow\">\n<div class=\"wp-block-group has-global-padding is-layout-constrained wp-container-core-group-is-layout-92ef7b19 wp-block-group-is-layout-constrained\">\n<div class=\"wp-block-group has-white-background-color has-background has-global-padding is-layout-constrained wp-container-core-group-is-layout-9f09e8a8 wp-block-group-is-layout-constrained\" style=\"border-radius:10px;margin-top:0;margin-bottom:0;padding-top:60px;padding-right:60px;padding-bottom:60px;padding-left:60px\">\n<div class=\"wp-block-group title-spacing has-global-padding is-content-justification-left is-layout-constrained wp-container-core-group-is-layout-ff08e478 wp-block-group-is-layout-constrained\" style=\"margin-bottom:60px\">\n<h2 class=\"wp-block-heading has-text-align-left has-contrast-color has-text-color has-link-color wp-elements-e664e1066991a53177930800aead56a6\" style=\"margin-top:0;margin-bottom:0;font-size:clamp(27.894px, 1.743rem + ((1vw - 3.2px) * 2.052), 48px);line-height:1\">Contactez-nous <\/h2>\n<\/div>\n\n\n\n<div class=\"wp-block-columns is-layout-flex wp-container-core-columns-is-layout-28f84493 wp-block-columns-is-layout-flex\">\n<div class=\"wp-block-column is-layout-flow wp-block-column-is-layout-flow\">\n<h5 class=\"wp-block-heading has-link-color-color has-text-color has-link-color wp-elements-98f58c0d55b1795e2fc9813ad3db49f1\">Laissez-nous un message<\/h5>\n\n\n<div class=\"forminator-ui forminator-custom-form forminator-custom-form-729 forminator-design--default  \" data-forminator-render=\"0\" data-form=\"forminator-module-729\" data-uid=\"69f35416e892b\"><br\/><\/div><form\n\t\t\t\tid=\"forminator-module-729\"\n\t\t\t\tclass=\"forminator-ui forminator-custom-form forminator-custom-form-729 forminator-design--default  \"\n\t\t\t\tmethod=\"post\"\n\t\t\t\tdata-forminator-render=\"0\"\n\t\t\t\tdata-form-id=\"729\"\n\t\t\t\t\n\t\t\t\tdata-design=\"default\"\n\t\t\t\t\n\t\t\t\t\n\t\t\t\t\n\t\t\t\tdata-grid=\"open\"\n\t\t\t\t\n\t\t\t\t\n\t\t\t\tstyle=\"display: none;\"\n\t\t\t\t\n\t\t\t\tdata-uid=\"69f35416e892b\"\n\t\t\t><div class=\"forminator-response-message forminator-error\" aria-hidden=\"true\"><\/div><div class=\"forminator-row\"><div id=\"name-1\" class=\"forminator-col forminator-col-12 \"><div class=\"forminator-field\"><label for=\"forminator-field-name-1_69f35416e892b\" class=\"forminator-label\">Pr\u00e9nom <span class=\"forminator-required\">*<\/span><\/label><input type=\"text\" name=\"name-1\" value=\"\" placeholder=\"\" id=\"forminator-field-name-1_69f35416e892b\" class=\"forminator-input forminator-name--field\" aria-required=\"true\" \/><\/div><\/div><\/div><div class=\"forminator-row\"><div id=\"name-2\" class=\"forminator-col forminator-col-12 \"><div class=\"forminator-field\"><label for=\"forminator-field-name-2_69f35416e892b\" class=\"forminator-label\">Nom <span class=\"forminator-required\">*<\/span><\/label><input type=\"text\" name=\"name-2\" value=\"\" placeholder=\"\" id=\"forminator-field-name-2_69f35416e892b\" class=\"forminator-input forminator-name--field\" aria-required=\"true\" \/><\/div><\/div><\/div><div class=\"forminator-row\"><div id=\"name-3\" class=\"forminator-col forminator-col-12 \"><div class=\"forminator-field\"><label for=\"forminator-field-name-3_69f35416e892b\" class=\"forminator-label\">Post-nom <span class=\"forminator-required\">*<\/span><\/label><input type=\"text\" name=\"name-3\" value=\"\" placeholder=\"\" id=\"forminator-field-name-3_69f35416e892b\" class=\"forminator-input forminator-name--field\" aria-required=\"true\" \/><\/div><\/div><\/div><div class=\"forminator-row\"><div id=\"email-1\" class=\"forminator-col forminator-col-12 \"><div class=\"forminator-field\"><label for=\"forminator-field-email-1_69f35416e892b\" class=\"forminator-label\">Adresse de messagerie<\/label><input type=\"email\" name=\"email-1\" value=\"\" placeholder=\"\" id=\"forminator-field-email-1_69f35416e892b\" class=\"forminator-input forminator-email--field\" data-required=\"\" aria-required=\"false\" \/><\/div><\/div><\/div><div class=\"forminator-row\"><div id=\"phone-1\" class=\"forminator-col forminator-col-12 \"><div class=\"forminator-field\"><label for=\"forminator-field-phone-1_69f35416e892b\" class=\"forminator-label\">Num\u00e9ro de t\u00e9l\u00e9phone<\/label><input type=\"text\" name=\"phone-1\" value=\"\" placeholder=\"\" id=\"forminator-field-phone-1_69f35416e892b\" class=\"forminator-input forminator-field--phone\" data-required=\"\" aria-required=\"false\" autocomplete=\"off\" \/><\/div><\/div><\/div><div class=\"forminator-row\"><div id=\"textarea-1\" class=\"forminator-col forminator-col-12 \"><div class=\"forminator-field\"><label for=\"forminator-field-textarea-1_69f35416e892b\" class=\"forminator-label\">Message<\/label><textarea name=\"textarea-1\" placeholder=\"Saisissez votre message\u2026\" id=\"forminator-field-textarea-1_69f35416e892b\" class=\"forminator-textarea\" rows=\"6\" style=\"min-height:140px;\" maxlength=\"180\" ><\/textarea><span id=\"forminator-field-textarea-1_69f35416e892b-description\" class=\"forminator-description\"><span data-limit=\"180\" data-type=\"characters\">0 \/ 180<\/span><\/span><\/div><\/div><\/div><input type=\"hidden\" name=\"referer_url\" value=\"\" \/><div class=\"forminator-row forminator-row-last\"><div class=\"forminator-col\"><div class=\"forminator-field\"><button class=\"forminator-button forminator-button-submit\">Envoyer le message<\/button><\/div><\/div><\/div><input type=\"hidden\" id=\"forminator_nonce\" name=\"forminator_nonce\" value=\"8b90fbd0a3\" \/><input type=\"hidden\" name=\"_wp_http_referer\" value=\"\/index.php\/wp-json\/wp\/v2\/pages\/702\" \/><input type=\"hidden\" name=\"form_id\" value=\"729\"><input type=\"hidden\" name=\"page_id\" value=\"702\"><input type=\"hidden\" name=\"form_type\" value=\"default\"><input type=\"hidden\" name=\"current_url\" value=\"https:\/\/hdcdrc.org\/index.php\/contact\/\"><input type=\"hidden\" name=\"render_id\" value=\"0\"><input type=\"hidden\" name=\"action\" value=\"forminator_submit_form_custom-forms\"><\/form>\n<\/div>\n\n\n\n<div class=\"wp-block-column is-layout-flow wp-block-column-is-layout-flow\">\n<p class=\"has-contrast-color has-text-color has-link-color wp-elements-3371902c14aabec91a21469221df80d1\"><strong>Ou contactez nous aux<\/strong><\/p>\n\n\n\n<div class=\"wp-block-group is-nowrap is-layout-flex wp-container-core-group-is-layout-17c695da wp-block-group-is-layout-flex\">\n<figure class=\"wp-block-image size-full is-resized wp-duotone-unset-1\"><img decoding=\"async\" width=\"360\" height=\"360\" src=\"https:\/\/hdcdrc.org\/wp-content\/uploads\/2025\/08\/pngtree-calling-telephone-glyph-icon-vector-png-image_1885956-removebg-preview.png\" alt=\"\" class=\"wp-image-718\" style=\"width:30px\" srcset=\"https:\/\/hdcdrc.org\/wp-content\/uploads\/2025\/08\/pngtree-calling-telephone-glyph-icon-vector-png-image_1885956-removebg-preview.png 360w, https:\/\/hdcdrc.org\/wp-content\/uploads\/2025\/08\/pngtree-calling-telephone-glyph-icon-vector-png-image_1885956-removebg-preview-300x300.png 300w, https:\/\/hdcdrc.org\/wp-content\/uploads\/2025\/08\/pngtree-calling-telephone-glyph-icon-vector-png-image_1885956-removebg-preview-150x150.png 150w\" sizes=\"(max-width: 360px) 100vw, 360px\" \/><\/figure>\n\n\n\n<p class=\"has-contrast-color has-text-color has-link-color wp-elements-9317a29a1092f72729165c86b0c016de\" style=\"margin-top:0;margin-bottom:0;padding-top:0;padding-bottom:0\">+243 814 411 517<\/p>\n<\/div>\n\n\n\n<div class=\"wp-block-group is-nowrap is-layout-flex wp-container-core-group-is-layout-17c695da wp-block-group-is-layout-flex\">\n<figure class=\"wp-block-image size-full is-resized wp-duotone-unset-2\"><img decoding=\"async\" width=\"360\" height=\"360\" src=\"https:\/\/hdcdrc.org\/wp-content\/uploads\/2025\/08\/pngtree-email-vector-icon-png-image_355828-removebg-preview.png\" alt=\"\" class=\"wp-image-716\" style=\"width:33px;height:auto\" srcset=\"https:\/\/hdcdrc.org\/wp-content\/uploads\/2025\/08\/pngtree-email-vector-icon-png-image_355828-removebg-preview.png 360w, https:\/\/hdcdrc.org\/wp-content\/uploads\/2025\/08\/pngtree-email-vector-icon-png-image_355828-removebg-preview-300x300.png 300w, https:\/\/hdcdrc.org\/wp-content\/uploads\/2025\/08\/pngtree-email-vector-icon-png-image_355828-removebg-preview-150x150.png 150w\" sizes=\"(max-width: 360px) 100vw, 360px\" \/><\/figure>\n\n\n\n<p class=\"has-contrast-color has-text-color has-link-color wp-elements-7238d5a6626631613d07b61670e97245\" style=\"margin-top:0;margin-bottom:0;padding-top:0;padding-bottom:0\">infos@hdcdrc.org<\/p>\n<\/div>\n\n\n\n<div class=\"wp-block-group is-nowrap is-layout-flex wp-container-core-group-is-layout-17c695da wp-block-group-is-layout-flex\">\n<figure class=\"wp-block-image size-full is-resized wp-duotone-unset-3\"><img decoding=\"async\" width=\"225\" height=\"225\" src=\"https:\/\/hdcdrc.org\/wp-content\/uploads\/2025\/08\/images-removebg-preview-1.png\" alt=\"\" class=\"wp-image-717\" style=\"width:35px;height:auto\" srcset=\"https:\/\/hdcdrc.org\/wp-content\/uploads\/2025\/08\/images-removebg-preview-1.png 225w, https:\/\/hdcdrc.org\/wp-content\/uploads\/2025\/08\/images-removebg-preview-1-150x150.png 150w\" sizes=\"(max-width: 225px) 100vw, 225px\" \/><\/figure>\n\n\n\n<p class=\"has-contrast-color has-text-color has-link-color wp-elements-592cb226bac407fa0522be00400b990e\" style=\"margin-top:0;margin-bottom:0;padding-top:0;padding-bottom:0\"><strong>Lorem Ipsum<\/strong>&nbsp;is simply dummy text of the printing and typesetting industry. Lorem Ipsum has been the industry&rsquo;s<\/p>\n<\/div>\n<\/div>\n<\/div>\n<\/div>\n<\/div>\n<\/div><\/div>\n<\/div>\n","protected":false},"excerpt":{"rendered":"","protected":false},"author":1,"featured_media":0,"parent":0,"menu_order":0,"comment_status":"closed","ping_status":"closed","template":"","meta":{"footnotes":""},"class_list":["post-702","page","type-page","status-publish","hentry"],"featured_image_url":[],"post_author":"admin","assigned_categories":"","_links":{"self":[{"href":"https:\/\/hdcdrc.org\/index.php\/wp-json\/wp\/v2\/pages\/702","targetHints":{"allow":["GET"]}}],"collection":[{"href":"https:\/\/hdcdrc.org\/index.php\/wp-json\/wp\/v2\/pages"}],"about":[{"href":"https:\/\/hdcdrc.org\/index.php\/wp-json\/wp\/v2\/types\/page"}],"author":[{"embeddable":true,"href":"https:\/\/hdcdrc.org\/index.php\/wp-json\/wp\/v2\/users\/1"}],"replies":[{"embeddable":true,"href":"https:\/\/hdcdrc.org\/index.php\/wp-json\/wp\/v2\/comments?post=702"}],"version-history":[{"count":18,"href":"https:\/\/hdcdrc.org\/index.php\/wp-json\/wp\/v2\/pages\/702\/revisions"}],"predecessor-version":[{"id":732,"href":"https:\/\/hdcdrc.org\/index.php\/wp-json\/wp\/v2\/pages\/702\/revisions\/732"}],"wp:attachment":[{"href":"https:\/\/hdcdrc.org\/index.php\/wp-json\/wp\/v2\/media?parent=702"}],"curies":[{"name":"wp","href":"https:\/\/api.w.org\/{rel}","templated":true}]}}